{"id":269,"date":"2023-05-29T10:34:25","date_gmt":"2023-05-29T03:34:25","guid":{"rendered":"http:\/\/39204.phuha.vinawebsite.vn\/lien-he\/"},"modified":"2023-05-30T08:50:44","modified_gmt":"2023-05-30T01:50:44","slug":"lien-he","status":"publish","type":"page","link":"https:\/\/sgcaphe.chicagoshub.com\/vi\/lien-he\/","title":{"rendered":"Li\u00ean h\u1ec7"},"content":{"rendered":"\n\t<section class=\"section section-contact-title\" id=\"section_1786010278\">\n\t\t<div class=\"section-bg fill\" >\n\t\t\t\t\t\t\t\t\t\n\t\t\t\n\n\t\t<\/div>\n\n\t\t\n\n\t\t<div class=\"section-content relative\">\n\t\t\t\n<div class=\"row row-center\"  id=\"row-265886075\">\n\n\t<div id=\"col-1497510998\" class=\"col medium-12 small-12 large-6\"  >\n\t\t\t\t<div class=\"col-inner\"  >\n\t\t\t\n\t\t\t\n<div class=\"container section-title-container title-page\" ><h3 class=\"section-title section-title-normal\"><b><\/b><span class=\"section-title-main\" >Li\u00ean h\u1ec7 ch\u00fang t\u00f4i<\/span><b><\/b><\/h3><\/div>\n<div class=\"row\"  id=\"row-1379206734\">\n\n\t<div id=\"col-656414630\" class=\"col medium-6 small-12 large-6\"  >\n\t\t\t\t<div class=\"col-inner\"  >\n\t\t\t\n\t\t\t\n<p>C\u00f3 c\u00e2u h\u1ecfi n\u00e0o kh\u00f4ng? Ch\u00fang t\u00f4i \u0111\u00e3 c\u00f3 c\u00e2u tr\u1ea3 l\u1eddi.<\/p>\n\t\t<\/div>\n\t\t\t\t\t<\/div>\n\n\t\n\n\t<div id=\"col-1611079902\" class=\"col col-btn medium-6 small-12 large-6\"  >\n\t\t\t\t<div class=\"col-inner text-right\"  >\n\t\t\t\n\t\t\t\n<a href=\"https:\/\/sgcaphe.chicagoshub.com\/vi\/faqs\/\" class=\"button primary lowercase btn-seeall\"  >\n\t\t<span>Xem t\u1ea5t c\u1ea3 C\u00e2u h\u1ecfi th\u01b0\u1eddng g\u1eb7p<\/span>\n\t<\/a>\n\n\t\t<\/div>\n\t\t\t\t\t<\/div>\n\n\t\n\n\t<div id=\"col-298955837\" class=\"col pb-0 small-12 large-12\"  >\n\t\t\t\t<div class=\"col-inner\"  >\n\t\t\t\n\t\t\t\n\t<div class=\"img has-hover x md-x lg-x y md-y lg-y\" id=\"image_1009634724\">\n\t\t\t\t\t\t\t\t<div class=\"img-inner dark\" >\n\t\t\t<img loading=\"lazy\" decoding=\"async\" width=\"720\" height=\"479\" src=\"https:\/\/sgcaphe.chicagoshub.com\/wp-content\/uploads\/2023\/05\/contact-us_db97fbed-c677-4504-aeeb-84c03f23b1e2.jpg\" class=\"attachment-original size-original\" alt=\"\" srcset=\"https:\/\/sgcaphe.chicagoshub.com\/wp-content\/uploads\/2023\/05\/contact-us_db97fbed-c677-4504-aeeb-84c03f23b1e2.jpg 720w, https:\/\/sgcaphe.chicagoshub.com\/wp-content\/uploads\/2023\/05\/contact-us_db97fbed-c677-4504-aeeb-84c03f23b1e2-300x200.jpg 300w, https:\/\/sgcaphe.chicagoshub.com\/wp-content\/uploads\/2023\/05\/contact-us_db97fbed-c677-4504-aeeb-84c03f23b1e2-600x399.jpg 600w\" sizes=\"auto, (max-width: 720px) 100vw, 720px\" \/>\t\t\t\t\t\t\n\t\t\t\t\t<\/div>\n\t\t\t\t\t\t\t\t\n<style>\n#image_1009634724 {\n  width: 100%;\n}\n<\/style>\n\t<\/div>\n\t\n\t\t<\/div>\n\t\t\t\t\t<\/div>\n\n\t\n<\/div>\n\t\t<\/div>\n\t\t\t\t\t<\/div>\n\n\t\n<\/div>\n\t\t<\/div>\n\n\t\t\n<style>\n#section_1786010278 {\n  padding-top: 30px;\n  padding-bottom: 30px;\n}\n<\/style>\n\t<\/section>\n\t\n\n\t<section class=\"section section-contact-form\" id=\"section_409195037\">\n\t\t<div class=\"section-bg fill\" >\n\t\t\t\t\t\t\t\t\t\n\t\t\t\n\n\t\t<\/div>\n\n\t\t\n\n\t\t<div class=\"section-content relative\">\n\t\t\t\n<div class=\"row row-center\"  id=\"row-133199745\">\n\n\t<div id=\"col-1805262432\" class=\"col medium-12 small-12 large-6\"  >\n\t\t\t\t<div class=\"col-inner\"  >\n\t\t\t\n\t\t\t\n<div class=\"container section-title-container title-page\" ><h3 class=\"section-title section-title-normal\"><b><\/b><span class=\"section-title-main\" >Li\u00ean l\u1ea1c<\/span><b><\/b><\/h3><\/div>\n<p>Kh\u00f4ng nh\u00ecn th\u1ea5y nh\u1eefng g\u00ec b\u1ea1n \u0111ang t\u00ecm ki\u1ebfm? G\u1eedi tin nh\u1eafn cho ch\u00fang t\u00f4i.<br \/>\nXin l\u01b0u \u00fd r\u1eb1ng nh\u00f3m c\u1ee7a ch\u00fang t\u00f4i l\u00e0m vi\u1ec7c t\u1eeb Th\u1ee9 Hai \u0111\u1ebfn Th\u1ee9 S\u00e1u, t\u1eeb 9 gi\u1edd s\u00e1ng \u0111\u1ebfn 5 gi\u1edd chi\u1ec1u theo gi\u1edd CT.<\/p>\n\n<div class=\"wpcf7 no-js\" id=\"wpcf7-f260-o1\" lang=\"vi\" dir=\"ltr\">\n<div class=\"screen-reader-response\"><p role=\"status\" aria-live=\"polite\" aria-atomic=\"true\"><\/p> <ul><\/ul><\/div>\n<form action=\"\/vi\/wp-json\/wp\/v2\/pages\/269#wpcf7-f260-o1\" method=\"post\" class=\"wpcf7-form init\" aria-label=\"Form li\u00ean h\u1ec7\" novalidate=\"novalidate\" data-status=\"init\">\n<div style=\"display: none;\">\n<input type=\"hidden\" name=\"_wpcf7\" value=\"260\" \/>\n<input type=\"hidden\" name=\"_wpcf7_version\" value=\"5.9.8\" \/>\n<input type=\"hidden\" name=\"_wpcf7_locale\" value=\"vi\" \/>\n<input type=\"hidden\" name=\"_wpcf7_unit_tag\" value=\"wpcf7-f260-o1\" \/>\n<input type=\"hidden\" name=\"_wpcf7_container_post\" value=\"0\" \/>\n<input type=\"hidden\" name=\"_wpcf7_posted_data_hash\" value=\"\" \/>\n<\/div>\n<p><label> H\u1ecd t\u00ean <\/label><br \/>\n<span class=\"wpcf7-form-control-wrap\" data-name=\"text-fullname\"><input size=\"40\" maxlength=\"400\" class=\"wpcf7-form-control wpcf7-text wpcf7-validates-as-required\" aria-required=\"true\" aria-invalid=\"false\" placeholder=\"Nh\u1eadp t\u00ean \u0111\u1ea7y \u0111\u1ee7 c\u1ee7a b\u1ea1n\" value=\"\" type=\"text\" name=\"text-fullname\" \/><\/span>\n<\/p>\n<p><label> Email <\/label><br \/>\n<span class=\"wpcf7-form-control-wrap\" data-name=\"email-mail\"><input size=\"40\" maxlength=\"400\" class=\"wpcf7-form-control wpcf7-email wpcf7-validates-as-required wpcf7-text wpcf7-validates-as-email\" aria-required=\"true\" aria-invalid=\"false\" placeholder=\"Nh\u1eadp email c\u1ee7a b\u1ea1n\" value=\"\" type=\"email\" name=\"email-mail\" \/><\/span>\n<\/p>\n<p><label> S\u1ed1 \u0111i\u1ec7n tho\u1ea1i <\/label><br \/>\n<span class=\"wpcf7-form-control-wrap\" data-name=\"tel-phone\"><input size=\"40\" maxlength=\"400\" class=\"wpcf7-form-control wpcf7-tel wpcf7-validates-as-required wpcf7-text wpcf7-validates-as-tel\" aria-required=\"true\" aria-invalid=\"false\" placeholder=\"Nh\u1eadp \u0111i\u1ec7n tho\u1ea1i c\u1ee7a b\u1ea1n\" value=\"\" type=\"tel\" name=\"tel-phone\" \/><\/span>\n<\/p>\n<p><label> L\u1eddi nh\u1eafn<\/label><br \/>\n<span class=\"wpcf7-form-control-wrap\" data-name=\"textarea-message\"><textarea cols=\"40\" rows=\"10\" maxlength=\"2000\" class=\"wpcf7-form-control wpcf7-textarea\" aria-invalid=\"false\" placeholder=\"N\u1ebfu \u0111\u01a1n \u0111\u1eb7t h\u00e0ng li\u00ean quan, xin vui l\u00f2ng bao g\u1ed3m s\u1ed1 th\u1ee9 t\u1ef1 c\u1ee7a b\u1ea1n trong tin nh\u1eafn\" name=\"textarea-message\"><\/textarea><\/span>\n<\/p>\n<p><script src=\"https:\/\/www.google.com\/recaptcha\/api.js\" async defer><\/script>\n<\/p>\n<div class=\"g-recaptcha\" data-sitekey=\"6Le3LUsmAAAAADdspvPQwCSI1_MVd9JEjzTmqByG\">\n<\/div>\n<p><input class=\"wpcf7-form-control wpcf7-submit has-spinner\" type=\"submit\" value=\"G\u1eedi\" \/>\n<\/p><div class=\"wpcf7-response-output\" aria-hidden=\"true\"><\/div>\n<\/form>\n<\/div>\n\n\t\t<\/div>\n\t\t\t\t\t<\/div>\n\n\t\n<\/div>\n\t\t<\/div>\n\n\t\t\n<style>\n#section_409195037 {\n  padding-top: 30px;\n  padding-bottom: 30px;\n  background-color: rgb(252, 244, 237);\n}\n<\/style>\n\t<\/section>\n\t\n","protected":false},"excerpt":{"rendered":"","protected":false},"author":1,"featured_media":0,"parent":0,"menu_order":0,"comment_status":"closed","ping_status":"closed","template":"page-contact.php","meta":{"footnotes":""},"class_list":["post-269","page","type-page","status-publish","hentry"],"acf":[],"yoast_head":"<!-- This site is optimized with the Yoast SEO plugin v23.5 - https:\/\/yoast.com\/wordpress\/plugins\/seo\/ -->\n<title>Li\u00ean h\u1ec7 - SAIGON COFFEE<\/title>\n<meta name=\"robots\" content=\"index, follow, max-snippet:-1, max-image-preview:large, max-video-preview:-1\" \/>\n<link rel=\"canonical\" href=\"https:\/\/sgcaphe.chicagoshub.com\/contact-us\/\" \/>\n<meta property=\"og:locale\" content=\"vi_VN\" \/>\n<meta property=\"og:type\" content=\"article\" \/>\n<meta property=\"og:title\" content=\"Li\u00ean h\u1ec7 - SAIGON COFFEE\" \/>\n<meta property=\"og:url\" content=\"https:\/\/sgcaphe.chicagoshub.com\/contact-us\/\" \/>\n<meta property=\"og:site_name\" content=\"SAIGON COFFEE\" \/>\n<meta property=\"article:modified_time\" content=\"2023-05-30T01:50:44+00:00\" \/>\n<meta name=\"twitter:card\" content=\"summary_large_image\" \/>\n<meta name=\"twitter:label1\" content=\"\u01af\u1edbc t\u00ednh th\u1eddi gian \u0111\u1ecdc\" \/>\n\t<meta name=\"twitter:data1\" content=\"1 ph\u00fat\" \/>\n<script type=\"application\/ld+json\" class=\"yoast-schema-graph\">{\"@context\":\"https:\/\/schema.org\",\"@graph\":[{\"@type\":\"WebPage\",\"@id\":\"https:\/\/sgcaphe.chicagoshub.com\/contact-us\/\",\"url\":\"https:\/\/sgcaphe.chicagoshub.com\/contact-us\/\",\"name\":\"Li\u00ean h\u1ec7 - SAIGON COFFEE\",\"isPartOf\":{\"@id\":\"https:\/\/sgcaphe.chicagoshub.com\/#website\"},\"datePublished\":\"2023-05-29T03:34:25+00:00\",\"dateModified\":\"2023-05-30T01:50:44+00:00\",\"breadcrumb\":{\"@id\":\"https:\/\/sgcaphe.chicagoshub.com\/contact-us\/#breadcrumb\"},\"inLanguage\":\"vi\",\"potentialAction\":[{\"@type\":\"ReadAction\",\"target\":[\"https:\/\/sgcaphe.chicagoshub.com\/contact-us\/\"]}]},{\"@type\":\"BreadcrumbList\",\"@id\":\"https:\/\/sgcaphe.chicagoshub.com\/contact-us\/#breadcrumb\",\"itemListElement\":[{\"@type\":\"ListItem\",\"position\":1,\"name\":\"Trang ch\u1ee7\",\"item\":\"https:\/\/sgcaphe.chicagoshub.com\/vi\/\"},{\"@type\":\"ListItem\",\"position\":2,\"name\":\"Li\u00ean h\u1ec7\"}]},{\"@type\":\"WebSite\",\"@id\":\"https:\/\/sgcaphe.chicagoshub.com\/#website\",\"url\":\"https:\/\/sgcaphe.chicagoshub.com\/\",\"name\":\"SAIGON COFFEE\",\"description\":\"\",\"potentialAction\":[{\"@type\":\"SearchAction\",\"target\":{\"@type\":\"EntryPoint\",\"urlTemplate\":\"https:\/\/sgcaphe.chicagoshub.com\/?s={search_term_string}\"},\"query-input\":{\"@type\":\"PropertyValueSpecification\",\"valueRequired\":true,\"valueName\":\"search_term_string\"}}],\"inLanguage\":\"vi\"}]}<\/script>\n<!-- \/ Yoast SEO plugin. -->","yoast_head_json":{"title":"Li\u00ean h\u1ec7 - SAIGON COFFEE","robots":{"index":"index","follow":"follow","max-snippet":"max-snippet:-1","max-image-preview":"max-image-preview:large","max-video-preview":"max-video-preview:-1"},"canonical":"https:\/\/sgcaphe.chicagoshub.com\/contact-us\/","og_locale":"vi_VN","og_type":"article","og_title":"Li\u00ean h\u1ec7 - SAIGON COFFEE","og_url":"https:\/\/sgcaphe.chicagoshub.com\/contact-us\/","og_site_name":"SAIGON COFFEE","article_modified_time":"2023-05-30T01:50:44+00:00","twitter_card":"summary_large_image","twitter_misc":{"\u01af\u1edbc t\u00ednh th\u1eddi gian \u0111\u1ecdc":"1 ph\u00fat"},"schema":{"@context":"https:\/\/schema.org","@graph":[{"@type":"WebPage","@id":"https:\/\/sgcaphe.chicagoshub.com\/contact-us\/","url":"https:\/\/sgcaphe.chicagoshub.com\/contact-us\/","name":"Li\u00ean h\u1ec7 - SAIGON COFFEE","isPartOf":{"@id":"https:\/\/sgcaphe.chicagoshub.com\/#website"},"datePublished":"2023-05-29T03:34:25+00:00","dateModified":"2023-05-30T01:50:44+00:00","breadcrumb":{"@id":"https:\/\/sgcaphe.chicagoshub.com\/contact-us\/#breadcrumb"},"inLanguage":"vi","potentialAction":[{"@type":"ReadAction","target":["https:\/\/sgcaphe.chicagoshub.com\/contact-us\/"]}]},{"@type":"BreadcrumbList","@id":"https:\/\/sgcaphe.chicagoshub.com\/contact-us\/#breadcrumb","itemListElement":[{"@type":"ListItem","position":1,"name":"Trang ch\u1ee7","item":"https:\/\/sgcaphe.chicagoshub.com\/vi\/"},{"@type":"ListItem","position":2,"name":"Li\u00ean h\u1ec7"}]},{"@type":"WebSite","@id":"https:\/\/sgcaphe.chicagoshub.com\/#website","url":"https:\/\/sgcaphe.chicagoshub.com\/","name":"SAIGON COFFEE","description":"","potentialAction":[{"@type":"SearchAction","target":{"@type":"EntryPoint","urlTemplate":"https:\/\/sgcaphe.chicagoshub.com\/?s={search_term_string}"},"query-input":{"@type":"PropertyValueSpecification","valueRequired":true,"valueName":"search_term_string"}}],"inLanguage":"vi"}]}},"_links":{"self":[{"href":"https:\/\/sgcaphe.chicagoshub.com\/vi\/wp-json\/wp\/v2\/pages\/269","targetHints":{"allow":["GET"]}}],"collection":[{"href":"https:\/\/sgcaphe.chicagoshub.com\/vi\/wp-json\/wp\/v2\/pages"}],"about":[{"href":"https:\/\/sgcaphe.chicagoshub.com\/vi\/wp-json\/wp\/v2\/types\/page"}],"author":[{"embeddable":true,"href":"https:\/\/sgcaphe.chicagoshub.com\/vi\/wp-json\/wp\/v2\/users\/1"}],"replies":[{"embeddable":true,"href":"https:\/\/sgcaphe.chicagoshub.com\/vi\/wp-json\/wp\/v2\/comments?post=269"}],"version-history":[{"count":7,"href":"https:\/\/sgcaphe.chicagoshub.com\/vi\/wp-json\/wp\/v2\/pages\/269\/revisions"}],"predecessor-version":[{"id":339,"href":"https:\/\/sgcaphe.chicagoshub.com\/vi\/wp-json\/wp\/v2\/pages\/269\/revisions\/339"}],"wp:attachment":[{"href":"https:\/\/sgcaphe.chicagoshub.com\/vi\/wp-json\/wp\/v2\/media?parent=269"}],"curies":[{"name":"wp","href":"https:\/\/api.w.org\/{rel}","templated":true}]}}