{"id":279,"date":"2022-02-21T09:37:38","date_gmt":"2022-02-21T02:37:38","guid":{"rendered":"http:\/\/39204.phuha.vinawebsite.vn\/trang-chu\/"},"modified":"2023-05-29T17:09:04","modified_gmt":"2023-05-29T10:09:04","slug":"trang-chu","status":"publish","type":"page","link":"https:\/\/sgcaphe.chicagoshub.com\/vi\/","title":{"rendered":"Trang ch\u1ee7"},"content":{"rendered":"<div class=\"row row-collapse\"  id=\"row-887180882\">\r\n\r\n\n\t<div id=\"col-558369124\" class=\"col small-12 large-12\"  >\n\t\t\t\t<div class=\"col-inner\"  >\n\t\t\t\n\t\t\t\r\n\r\n<div class=\"slider-wrapper relative home-slide\" id=\"slider-1097835201\" >\n    <div class=\"slider slider-nav-circle slider-nav-large slider-nav-light slider-style-normal\"\n        data-flickity-options='{\n            \"cellAlign\": \"center\",\n            \"imagesLoaded\": true,\n            \"lazyLoad\": 1,\n            \"freeScroll\": false,\n            \"wrapAround\": true,\n            \"autoPlay\": 3000,\n            \"pauseAutoPlayOnHover\" : true,\n            \"prevNextButtons\": true,\n            \"contain\" : true,\n            \"adaptiveHeight\" : true,\n            \"dragThreshold\" : 10,\n            \"percentPosition\": true,\n            \"pageDots\": true,\n            \"rightToLeft\": false,\n            \"draggable\": true,\n            \"selectedAttraction\": 0.1,\n            \"parallax\" : 0,\n            \"friction\": 0.6        }'\n        >\n        \r\n\r\n\n  <div class=\"banner has-hover\" id=\"banner-400710061\">\n          <div class=\"banner-inner fill\">\n        <div class=\"banner-bg fill\" >\n            <img loading=\"lazy\" decoding=\"async\" width=\"1170\" height=\"1170\" src=\"https:\/\/sgcaphe.chicagoshub.com\/wp-content\/uploads\/2023\/06\/hh-1.jpg\" class=\"bg attachment-original size-original\" alt=\"\" \/>                                    \n                    <\/div>\n\t\t\n        <div class=\"banner-layers container\">\n            <div class=\"fill banner-link\"><\/div>            \r\n\r\n   <div id=\"text-box-1626154380\" class=\"text-box banner-layer x5 md-x5 lg-x5 y5 md-y5 lg-y5 res-text\">\n                     <div data-animate=\"fadeInLeft\">           <div class=\"text-box-content text dark\">\n              \n              <div class=\"text-inner text-left\">\n                  \r\n\r\n<strong><span style=\"font-family: 'Dancing Script', cursive; font-size: 40pt; color: #00ff00;\">Let your story begin with the Finest\r\n<\/span><\/strong>\r\n\r\n              <\/div>\n           <\/div>\n       <\/div>                     \n<style>\n#text-box-1626154380 {\n  width: 90%;\n}\n#text-box-1626154380 .text-box-content {\n  font-size: 100%;\n}\n@media (min-width:550px) {\n  #text-box-1626154380 {\n    width: 75%;\n  }\n  #text-box-1626154380 .text-box-content {\n    font-size: 100%;\n  }\n}\n@media (min-width:850px) {\n  #text-box-1626154380 {\n    width: 48%;\n  }\n}\n<\/style>\n    <\/div>\n \r\n\r\n        <\/div>\n      <\/div>\n\n            \n<style>\n#banner-400710061 {\n  padding-top: 250px;\n}\n@media (min-width:550px) {\n  #banner-400710061 {\n    padding-top: 500px;\n  }\n}\n<\/style>\n  <\/div>\n\n\r\n\n  <div class=\"banner has-hover\" id=\"banner-452250642\">\n          <div class=\"banner-inner fill\">\n        <div class=\"banner-bg fill\" >\n            <img loading=\"lazy\" decoding=\"async\" width=\"1170\" height=\"780\" src=\"https:\/\/sgcaphe.chicagoshub.com\/wp-content\/uploads\/2023\/06\/hh2.jpg\" class=\"bg attachment-original size-original\" alt=\"\" \/>                                    \n                    <\/div>\n\t\t\n        <div class=\"banner-layers container\">\n            <div class=\"fill banner-link\"><\/div>            \r\n\r\n        <\/div>\n      <\/div>\n\n            \n<style>\n#banner-452250642 {\n  padding-top: 250px;\n}\n@media (min-width:550px) {\n  #banner-452250642 {\n    padding-top: 500px;\n  }\n}\n<\/style>\n  <\/div>\n\n\r\n\n  <div class=\"banner has-hover\" id=\"banner-1036966792\">\n          <div class=\"banner-inner fill\">\n        <div class=\"banner-bg fill\" >\n            <img loading=\"lazy\" decoding=\"async\" width=\"1170\" height=\"500\" src=\"https:\/\/sgcaphe.chicagoshub.com\/wp-content\/uploads\/2023\/06\/4.jpg\" class=\"bg attachment-original size-original\" alt=\"\" \/>                                    \n                    <\/div>\n\t\t\n        <div class=\"banner-layers container\">\n            <div class=\"fill banner-link\"><\/div>            \r\n\r\n   <div id=\"text-box-230965285\" class=\"text-box banner-layer x5 md-x5 lg-x5 y5 md-y5 lg-y5 res-text\">\n                     <div data-animate=\"fadeInLeft\">           <div class=\"text-box-content text dark\">\n              \n              <div class=\"text-inner text-left\">\n                  \r\n\r\n<span style=\"font-family: 'Dancing Script', cursive; font-size: 40pt; color: #00ff00;\">a cup of happiness<\/span>\r\n\r\n              <\/div>\n           <\/div>\n       <\/div>                     \n<style>\n#text-box-230965285 {\n  width: 100%;\n}\n#text-box-230965285 .text-box-content {\n  font-size: 100%;\n}\n@media (min-width:550px) {\n  #text-box-230965285 {\n    width: 75%;\n  }\n  #text-box-230965285 .text-box-content {\n    font-size: 100%;\n  }\n}\n@media (min-width:850px) {\n  #text-box-230965285 {\n    width: 40%;\n  }\n}\n<\/style>\n    <\/div>\n \r\n\r\n        <\/div>\n      <\/div>\n\n            \n<style>\n#banner-1036966792 {\n  padding-top: 250px;\n}\n@media (min-width:550px) {\n  #banner-1036966792 {\n    padding-top: 500px;\n  }\n}\n<\/style>\n  <\/div>\n\n\r\n\n  <div class=\"banner has-hover\" id=\"banner-908796825\">\n          <div class=\"banner-inner fill\">\n        <div class=\"banner-bg fill\" >\n            <img loading=\"lazy\" decoding=\"async\" width=\"1170\" height=\"780\" src=\"https:\/\/sgcaphe.chicagoshub.com\/wp-content\/uploads\/2023\/06\/hh3.jpg\" class=\"bg attachment-original size-original\" alt=\"\" \/>                                    \n                    <\/div>\n\t\t\n        <div class=\"banner-layers container\">\n            <div class=\"fill banner-link\"><\/div>            \r\n\r\n        <\/div>\n      <\/div>\n\n            \n<style>\n#banner-908796825 {\n  padding-top: 250px;\n}\n#banner-908796825 .banner-bg img {\n  object-position: top;\n}\n@media (min-width:550px) {\n  #banner-908796825 {\n    padding-top: 500px;\n  }\n}\n<\/style>\n  <\/div>\n\n\r\n\n  <div class=\"banner has-hover\" id=\"banner-760198444\">\n          <div class=\"banner-inner fill\">\n        <div class=\"banner-bg fill\" >\n            <img loading=\"lazy\" decoding=\"async\" width=\"1170\" height=\"752\" src=\"https:\/\/sgcaphe.chicagoshub.com\/wp-content\/uploads\/2023\/06\/hh4.jpg\" class=\"bg attachment-original size-original\" alt=\"\" \/>                                    \n                    <\/div>\n\t\t\n        <div class=\"banner-layers container\">\n            <div class=\"fill banner-link\"><\/div>            \r\n\r\n        <\/div>\n      <\/div>\n\n            \n<style>\n#banner-760198444 {\n  padding-top: 250px;\n}\n@media (min-width:550px) {\n  #banner-760198444 {\n    padding-top: 500px;\n  }\n}\n<\/style>\n  <\/div>\n\n\r\n\r\n     <\/div>\n\n     <div class=\"loading-spin dark large centered\"><\/div>\n\n\t<\/div>\n\n\r\n\r\n\t\t<\/div>\n\t\t\t\t\t<\/div>\n\n\t\r\n\r\n<\/div>\n\n<span class=\"scroll-to\" data-label=\"Scroll to: #products\" data-bullet=\"false\" data-link=\"#products\" data-title=\"Change this\" ><a name=\"products\"><\/a><\/span>\n\n\n\t<section class=\"section section-home-products\" id=\"section_1718540158\">\n\t\t<div class=\"section-bg fill\" >\n\t\t\t\t\t\t\t\t\t\n\t\t\t\n\n\t\t<\/div>\n\n\t\t\n\n\t\t<div class=\"section-content relative\">\n\t\t\t\n\n<div class=\"container section-title-container title-common\" ><h3 class=\"section-title section-title-center\"><b><\/b><span class=\"section-title-main\" >S\u1ea2N PH\u1ea8M<\/span><b><\/b><\/h3><\/div>\n\n\n\n\t\t<\/div>\n\n\t\t\n<style>\n#section_1718540158 {\n  padding-top: 30px;\n  padding-bottom: 30px;\n}\n<\/style>\n\t<\/section>\n\t\n<span class=\"scroll-to\" data-label=\"Scroll to: #promotions\" data-bullet=\"false\" data-link=\"#promotions\" data-title=\"Change this\" ><a name=\"promotions\"><\/a><\/span>\n\n\n\t<section class=\"section section-home-promotions\" id=\"section_1488107004\">\n\t\t<div class=\"section-bg fill\" >\n\t\t\t\t\t\t\t\t\t\n\t\t\t\n\n\t\t<\/div>\n\n\t\t\n\n\t\t<div class=\"section-content relative\">\n\t\t\t\n\n<div class=\"container section-title-container title-common\" ><h3 class=\"section-title section-title-center\"><b><\/b><span class=\"section-title-main\" >Khuy\u1ebfn m\u00e3i<\/span><b><\/b><\/h3><\/div>\n\n\n\n\t\t<\/div>\n\n\t\t\n<style>\n#section_1488107004 {\n  padding-top: 30px;\n  padding-bottom: 30px;\n}\n<\/style>\n\t<\/section>\n\t\n<span class=\"scroll-to\" data-label=\"Scroll to: #blogs\" data-bullet=\"false\" data-link=\"#blogs\" data-title=\"Change this\" ><a name=\"blogs\"><\/a><\/span>\n\n\n\t<section class=\"section section-home-blogs\" id=\"section_1367343014\">\n\t\t<div class=\"section-bg fill\" >\n\t\t\t\t\t\t\t\t\t\n\t\t\t\n\n\t\t<\/div>\n\n\t\t\n\n\t\t<div class=\"section-content relative\">\n\t\t\t\n\n<div class=\"container section-title-container title-common\" ><h3 class=\"section-title section-title-center\"><b><\/b><span class=\"section-title-main\" >BLOGS<\/span><b><\/b><\/h3><\/div>\n\n<div class=\"row\"  id=\"row-451962603\">\n\n\n\t<div id=\"col-779182621\" class=\"col pb-0 small-12 large-12\"  >\n\t\t\t\t<div class=\"col-inner\"  >\n\t\t\t\n\t\t\t\n\n\n  \n    <div class=\"row blog-list large-columns-3 medium-columns-2 small-columns-1 row-small slider row-slider slider-nav-simple slider-nav-outside slider-nav-push\"  data-flickity-options='{&quot;imagesLoaded&quot;: true, &quot;groupCells&quot;: &quot;100%&quot;, &quot;dragThreshold&quot; : 5, &quot;cellAlign&quot;: &quot;left&quot;,&quot;wrapAround&quot;: true,&quot;prevNextButtons&quot;: true,&quot;percentPosition&quot;: true,&quot;pageDots&quot;: false, &quot;rightToLeft&quot;: false, &quot;autoPlay&quot; : false}' >\n\n  <div class=\"col post-item\" >\r\n\t\t\t<div class=\"col-inner\">\r\n\t\t\t<a href=\"https:\/\/sgcaphe.chicagoshub.com\/vi\/fine-robusta-xu-huong-ca-phe-cua-tuong-lai\/\" class=\"plain\">\r\n\t\t\t\t<div class=\"box box-normal box-text-bottom box-blog-post has-hover\">\r\n            \t\t\t\t\t<div class=\"box-image\" >\r\n  \t\t\t\t\t\t<div class=\"image-zoom image-cover\" style=\"padding-top:59.25%;\">\r\n  \t\t\t\t\t\t\t<img loading=\"lazy\" decoding=\"async\" width=\"900\" height=\"675\" src=\"https:\/\/sgcaphe.chicagoshub.com\/wp-content\/uploads\/2023\/05\/Fine-Robusta.jpg\" class=\"attachment-original size-original wp-post-image\" alt=\"\" srcset=\"https:\/\/sgcaphe.chicagoshub.com\/wp-content\/uploads\/2023\/05\/Fine-Robusta.jpg 900w, https:\/\/sgcaphe.chicagoshub.com\/wp-content\/uploads\/2023\/05\/Fine-Robusta-300x225.jpg 300w, https:\/\/sgcaphe.chicagoshub.com\/wp-content\/uploads\/2023\/05\/Fine-Robusta-768x576.jpg 768w, https:\/\/sgcaphe.chicagoshub.com\/wp-content\/uploads\/2023\/05\/Fine-Robusta-600x450.jpg 600w\" sizes=\"auto, (max-width: 900px) 100vw, 900px\" \/>  \t\t\t\t\t\t\t  \t\t\t\t\t\t\t  \t\t\t\t\t\t<\/div>\r\n  \t\t\t\t\t\t  \t\t\t\t\t<\/div>\r\n          \t\t\t\t\t<div class=\"box-text text-left\" >\r\n\t\t\t\t\t<div class=\"box-text-inner blog-post-inner\">\r\n\r\n\t\t\t\t\t\r\n\t\t\t\t\t                    <p class=\"author-label\">B\u1edfi vina_admin<\/p>\r\n\t\t\t\t\t<h5 class=\"post-title is-large \">Fine Robusta: Xu h\u01b0\u1edbng c\u00e0 ph\u00ea c\u1ee7a t\u01b0\u01a1ng lai<\/h5>\r\n\t\t\t\t\t\t\t\t\t\t<div class=\"is-divider\"><\/div>\r\n\t\t\t\t\t\t\t\t\t\t<p class=\"from_the_blog_excerpt \">Theo hi\u1ec7p h\u1ed9i c\u00e0 ph\u00ea \u0111\u1eb7c s\u1ea3n th\u1ebf gi\u1edbi (SCA), c\u00e0 ph\u00ea \u0111\u01b0\u1ee3c g\u1ecdi l\u00e0 Fine Robusta khi th\u1ecfa m\u00e3n nh\u1eefng ti\u00eau ch\u00ed kh\u1eaft khe\t\t\t\t\t<\/p>\r\n\t\t\t\t\t                    \r\n\t\t\t\t\t\r\n\t\t\t\t\t\r\n\t\t\t\t\t<\/div>\r\n\t\t\t\t\t<\/div>\r\n\t\t\t\t\t\t\t\t\t\t\t\t\t\t\t\t<div class=\"badge absolute top post-date badge-square\">\r\n\t\t\t\t\t\t\t<div class=\"badge-inner\">\r\n\t\t\t\t\t\t\t\t<span class=\"post-date-day\">28<\/span><br>\r\n\t\t\t\t\t\t\t\t<span class=\"post-date-month\">Th5<\/span>\r\n\t\t\t\t\t\t\t<\/div>\r\n\t\t\t\t\t\t<\/div>\r\n\t\t\t\t\t\t\t\t\t<\/div>\r\n\t\t\t\t<\/a>\r\n\t\t\t<\/div>\r\n\t\t<\/div><div class=\"col post-item\" >\r\n\t\t\t<div class=\"col-inner\">\r\n\t\t\t<a href=\"https:\/\/sgcaphe.chicagoshub.com\/vi\/tin-hieu-tich-cuc-cho-nganh-ca-phe\/\" class=\"plain\">\r\n\t\t\t\t<div class=\"box box-normal box-text-bottom box-blog-post has-hover\">\r\n            \t\t\t\t\t<div class=\"box-image\" >\r\n  \t\t\t\t\t\t<div class=\"image-zoom image-cover\" style=\"padding-top:59.25%;\">\r\n  \t\t\t\t\t\t\t<img loading=\"lazy\" decoding=\"async\" width=\"640\" height=\"393\" src=\"https:\/\/sgcaphe.chicagoshub.com\/wp-content\/uploads\/2023\/05\/blog2.jpg\" class=\"attachment-original size-original wp-post-image\" alt=\"\" srcset=\"https:\/\/sgcaphe.chicagoshub.com\/wp-content\/uploads\/2023\/05\/blog2.jpg 640w, https:\/\/sgcaphe.chicagoshub.com\/wp-content\/uploads\/2023\/05\/blog2-300x184.jpg 300w, https:\/\/sgcaphe.chicagoshub.com\/wp-content\/uploads\/2023\/05\/blog2-600x368.jpg 600w\" sizes=\"auto, (max-width: 640px) 100vw, 640px\" \/>  \t\t\t\t\t\t\t  \t\t\t\t\t\t\t  \t\t\t\t\t\t<\/div>\r\n  \t\t\t\t\t\t  \t\t\t\t\t<\/div>\r\n          \t\t\t\t\t<div class=\"box-text text-left\" >\r\n\t\t\t\t\t<div class=\"box-text-inner blog-post-inner\">\r\n\r\n\t\t\t\t\t\r\n\t\t\t\t\t                    <p class=\"author-label\">B\u1edfi vina_admin<\/p>\r\n\t\t\t\t\t<h5 class=\"post-title is-large \">T\u00edn hi\u1ec7u t\u00edch c\u1ef1c cho ng\u00e0nh c\u00e0 ph\u00ea<\/h5>\r\n\t\t\t\t\t\t\t\t\t\t<div class=\"is-divider\"><\/div>\r\n\t\t\t\t\t\t\t\t\t\t<p class=\"from_the_blog_excerpt \">Tr\u00ean th\u1ecb tr\u01b0\u1eddng n\u1ed9i \u0111\u1ecba, ghi nh\u1eadn trong s\u00e1ng nay 6\/4, gi\u00e1 c\u00e0 ph\u00ea nh\u00e2n x\u00f4 t\u1ea1i T\u00e2y Nguy\u00ean v\u00e0 c\u00e1c t\u1ec9nh Nam B\u1ed9 ti\u1ebfp\t\t\t\t\t<\/p>\r\n\t\t\t\t\t                    \r\n\t\t\t\t\t\r\n\t\t\t\t\t\r\n\t\t\t\t\t<\/div>\r\n\t\t\t\t\t<\/div>\r\n\t\t\t\t\t\t\t\t\t\t\t\t\t\t\t\t<div class=\"badge absolute top post-date badge-square\">\r\n\t\t\t\t\t\t\t<div class=\"badge-inner\">\r\n\t\t\t\t\t\t\t\t<span class=\"post-date-day\">28<\/span><br>\r\n\t\t\t\t\t\t\t\t<span class=\"post-date-month\">Th5<\/span>\r\n\t\t\t\t\t\t\t<\/div>\r\n\t\t\t\t\t\t<\/div>\r\n\t\t\t\t\t\t\t\t\t<\/div>\r\n\t\t\t\t<\/a>\r\n\t\t\t<\/div>\r\n\t\t<\/div><div class=\"col post-item\" >\r\n\t\t\t<div class=\"col-inner\">\r\n\t\t\t<a href=\"https:\/\/sgcaphe.chicagoshub.com\/vi\/may-moc-va-loai-hat-day-gia-ly-ca-phe\/\" class=\"plain\">\r\n\t\t\t\t<div class=\"box box-normal box-text-bottom box-blog-post has-hover\">\r\n            \t\t\t\t\t<div class=\"box-image\" >\r\n  \t\t\t\t\t\t<div class=\"image-zoom image-cover\" style=\"padding-top:59.25%;\">\r\n  \t\t\t\t\t\t\t<img loading=\"lazy\" decoding=\"async\" width=\"960\" height=\"640\" src=\"https:\/\/sgcaphe.chicagoshub.com\/wp-content\/uploads\/2023\/05\/blog1.jpg\" class=\"attachment-original size-original wp-post-image\" alt=\"\" srcset=\"https:\/\/sgcaphe.chicagoshub.com\/wp-content\/uploads\/2023\/05\/blog1.jpg 960w, https:\/\/sgcaphe.chicagoshub.com\/wp-content\/uploads\/2023\/05\/blog1-300x200.jpg 300w, https:\/\/sgcaphe.chicagoshub.com\/wp-content\/uploads\/2023\/05\/blog1-768x512.jpg 768w, https:\/\/sgcaphe.chicagoshub.com\/wp-content\/uploads\/2023\/05\/blog1-600x400.jpg 600w\" sizes=\"auto, (max-width: 960px) 100vw, 960px\" \/>  \t\t\t\t\t\t\t  \t\t\t\t\t\t\t  \t\t\t\t\t\t<\/div>\r\n  \t\t\t\t\t\t  \t\t\t\t\t<\/div>\r\n          \t\t\t\t\t<div class=\"box-text text-left\" >\r\n\t\t\t\t\t<div class=\"box-text-inner blog-post-inner\">\r\n\r\n\t\t\t\t\t\r\n\t\t\t\t\t                    <p class=\"author-label\">B\u1edfi vina_admin<\/p>\r\n\t\t\t\t\t<h5 class=\"post-title is-large \">M\u00e1y m\u00f3c v\u00e0 lo\u1ea1i h\u1ea1t \u0111\u1ea9y gi\u00e1 ly c\u00e0 ph\u00ea<\/h5>\r\n\t\t\t\t\t\t\t\t\t\t<div class=\"is-divider\"><\/div>\r\n\t\t\t\t\t\t\t\t\t\t<p class=\"from_the_blog_excerpt \">Theo c\u00e1c chuy\u00ean gia, vi\u1ec7c \u0111\u1ecbnh gi\u00e1 m\u1ed9t th\u1ee9c u\u1ed1ng ph\u1ee5 thu\u1ed9c v\u00e0o nhi\u1ec1u y\u1ebfu t\u1ed1 kh\u00e1c nhau v\u00e0 m\u1ed7i th\u01b0\u01a1ng hi\u1ec7u c\u0169ng s\u1ebd c\u00f3\t\t\t\t\t<\/p>\r\n\t\t\t\t\t                    \r\n\t\t\t\t\t\r\n\t\t\t\t\t\r\n\t\t\t\t\t<\/div>\r\n\t\t\t\t\t<\/div>\r\n\t\t\t\t\t\t\t\t\t\t\t\t\t\t\t\t<div class=\"badge absolute top post-date badge-square\">\r\n\t\t\t\t\t\t\t<div class=\"badge-inner\">\r\n\t\t\t\t\t\t\t\t<span class=\"post-date-day\">28<\/span><br>\r\n\t\t\t\t\t\t\t\t<span class=\"post-date-month\">Th5<\/span>\r\n\t\t\t\t\t\t\t<\/div>\r\n\t\t\t\t\t\t<\/div>\r\n\t\t\t\t\t\t\t\t\t<\/div>\r\n\t\t\t\t<\/a>\r\n\t\t\t<\/div>\r\n\t\t<\/div><\/div>\n\n\n\t\t<\/div>\n\t\t\t\t\t<\/div>\n\n\t\n\n<\/div>\n\n\t\t<\/div>\n\n\t\t\n<style>\n#section_1367343014 {\n  padding-top: 30px;\n  padding-bottom: 30px;\n}\n<\/style>\n\t<\/section>\n\t\n\n","protected":false},"excerpt":{"rendered":"","protected":false},"author":1,"featured_media":0,"parent":0,"menu_order":0,"comment_status":"closed","ping_status":"closed","template":"page-blank.php","meta":{"footnotes":""},"class_list":["post-279","page","type-page","status-publish","hentry"],"acf":[],"yoast_head":"<!-- This site is optimized with the Yoast SEO plugin v23.5 - https:\/\/yoast.com\/wordpress\/plugins\/seo\/ -->\n<title>Trang ch\u1ee7 - SAIGON COFFEE<\/title>\n<meta name=\"robots\" content=\"index, follow, max-snippet:-1, max-image-preview:large, max-video-preview:-1\" \/>\n<link rel=\"canonical\" href=\"https:\/\/sgcaphe.chicagoshub.com\/vi\/\" \/>\n<meta property=\"og:locale\" content=\"vi_VN\" \/>\n<meta property=\"og:type\" content=\"article\" \/>\n<meta property=\"og:title\" content=\"Trang ch\u1ee7 - SAIGON COFFEE\" \/>\n<meta property=\"og:url\" content=\"https:\/\/sgcaphe.chicagoshub.com\/vi\/\" \/>\n<meta property=\"og:site_name\" content=\"SAIGON COFFEE\" \/>\n<meta property=\"article:modified_time\" content=\"2023-05-29T10:09:04+00:00\" \/>\n<meta name=\"twitter:card\" content=\"summary_large_image\" \/>\n<meta name=\"twitter:label1\" content=\"\u01af\u1edbc t\u00ednh th\u1eddi gian \u0111\u1ecdc\" \/>\n\t<meta name=\"twitter:data1\" content=\"1 ph\u00fat\" \/>\n<script type=\"application\/ld+json\" class=\"yoast-schema-graph\">{\"@context\":\"https:\/\/schema.org\",\"@graph\":[{\"@type\":\"WebPage\",\"@id\":\"https:\/\/sgcaphe.chicagoshub.com\/vi\/\",\"url\":\"https:\/\/sgcaphe.chicagoshub.com\/vi\/\",\"name\":\"Trang ch\u1ee7 - SAIGON COFFEE\",\"isPartOf\":{\"@id\":\"https:\/\/sgcaphe.chicagoshub.com\/#website\"},\"datePublished\":\"2022-02-21T02:37:38+00:00\",\"dateModified\":\"2023-05-29T10:09:04+00:00\",\"breadcrumb\":{\"@id\":\"https:\/\/sgcaphe.chicagoshub.com\/vi\/#breadcrumb\"},\"inLanguage\":\"vi\",\"potentialAction\":[{\"@type\":\"ReadAction\",\"target\":[\"https:\/\/sgcaphe.chicagoshub.com\/vi\/\"]}]},{\"@type\":\"BreadcrumbList\",\"@id\":\"https:\/\/sgcaphe.chicagoshub.com\/vi\/#breadcrumb\",\"itemListElement\":[{\"@type\":\"ListItem\",\"position\":1,\"name\":\"Trang ch\u1ee7\",\"item\":\"https:\/\/sgcaphe.chicagoshub.com\/vi\/\"},{\"@type\":\"ListItem\",\"position\":2,\"name\":\"Trang ch\u1ee7\"}]},{\"@type\":\"WebSite\",\"@id\":\"https:\/\/sgcaphe.chicagoshub.com\/#website\",\"url\":\"https:\/\/sgcaphe.chicagoshub.com\/\",\"name\":\"SAIGON COFFEE\",\"description\":\"\",\"potentialAction\":[{\"@type\":\"SearchAction\",\"target\":{\"@type\":\"EntryPoint\",\"urlTemplate\":\"https:\/\/sgcaphe.chicagoshub.com\/?s={search_term_string}\"},\"query-input\":{\"@type\":\"PropertyValueSpecification\",\"valueRequired\":true,\"valueName\":\"search_term_string\"}}],\"inLanguage\":\"vi\"}]}<\/script>\n<!-- \/ Yoast SEO plugin. -->","yoast_head_json":{"title":"Trang ch\u1ee7 - SAIGON COFFEE","robots":{"index":"index","follow":"follow","max-snippet":"max-snippet:-1","max-image-preview":"max-image-preview:large","max-video-preview":"max-video-preview:-1"},"canonical":"https:\/\/sgcaphe.chicagoshub.com\/vi\/","og_locale":"vi_VN","og_type":"article","og_title":"Trang ch\u1ee7 - SAIGON COFFEE","og_url":"https:\/\/sgcaphe.chicagoshub.com\/vi\/","og_site_name":"SAIGON COFFEE","article_modified_time":"2023-05-29T10:09:04+00:00","twitter_card":"summary_large_image","twitter_misc":{"\u01af\u1edbc t\u00ednh th\u1eddi gian \u0111\u1ecdc":"1 ph\u00fat"},"schema":{"@context":"https:\/\/schema.org","@graph":[{"@type":"WebPage","@id":"https:\/\/sgcaphe.chicagoshub.com\/vi\/","url":"https:\/\/sgcaphe.chicagoshub.com\/vi\/","name":"Trang ch\u1ee7 - SAIGON COFFEE","isPartOf":{"@id":"https:\/\/sgcaphe.chicagoshub.com\/#website"},"datePublished":"2022-02-21T02:37:38+00:00","dateModified":"2023-05-29T10:09:04+00:00","breadcrumb":{"@id":"https:\/\/sgcaphe.chicagoshub.com\/vi\/#breadcrumb"},"inLanguage":"vi","potentialAction":[{"@type":"ReadAction","target":["https:\/\/sgcaphe.chicagoshub.com\/vi\/"]}]},{"@type":"BreadcrumbList","@id":"https:\/\/sgcaphe.chicagoshub.com\/vi\/#breadcrumb","itemListElement":[{"@type":"ListItem","position":1,"name":"Trang ch\u1ee7","item":"https:\/\/sgcaphe.chicagoshub.com\/vi\/"},{"@type":"ListItem","position":2,"name":"Trang ch\u1ee7"}]},{"@type":"WebSite","@id":"https:\/\/sgcaphe.chicagoshub.com\/#website","url":"https:\/\/sgcaphe.chicagoshub.com\/","name":"SAIGON COFFEE","description":"","potentialAction":[{"@type":"SearchAction","target":{"@type":"EntryPoint","urlTemplate":"https:\/\/sgcaphe.chicagoshub.com\/?s={search_term_string}"},"query-input":{"@type":"PropertyValueSpecification","valueRequired":true,"valueName":"search_term_string"}}],"inLanguage":"vi"}]}},"_links":{"self":[{"href":"https:\/\/sgcaphe.chicagoshub.com\/vi\/wp-json\/wp\/v2\/pages\/279","targetHints":{"allow":["GET"]}}],"collection":[{"href":"https:\/\/sgcaphe.chicagoshub.com\/vi\/wp-json\/wp\/v2\/pages"}],"about":[{"href":"https:\/\/sgcaphe.chicagoshub.com\/vi\/wp-json\/wp\/v2\/types\/page"}],"author":[{"embeddable":true,"href":"https:\/\/sgcaphe.chicagoshub.com\/vi\/wp-json\/wp\/v2\/users\/1"}],"replies":[{"embeddable":true,"href":"https:\/\/sgcaphe.chicagoshub.com\/vi\/wp-json\/wp\/v2\/comments?post=279"}],"version-history":[{"count":1,"href":"https:\/\/sgcaphe.chicagoshub.com\/vi\/wp-json\/wp\/v2\/pages\/279\/revisions"}],"predecessor-version":[{"id":280,"href":"https:\/\/sgcaphe.chicagoshub.com\/vi\/wp-json\/wp\/v2\/pages\/279\/revisions\/280"}],"wp:attachment":[{"href":"https:\/\/sgcaphe.chicagoshub.com\/vi\/wp-json\/wp\/v2\/media?parent=279"}],"curies":[{"name":"wp","href":"https:\/\/api.w.org\/{rel}","templated":true}]}}